{"id":99,"date":"2017-11-07T11:12:26","date_gmt":"2017-11-07T10:12:26","guid":{"rendered":"https:\/\/baeji.asr.li\/?page_id=99"},"modified":"2018-01-25T13:11:05","modified_gmt":"2018-01-25T12:11:05","slug":"besuch-hps","status":"publish","type":"page","link":"https:\/\/www.baejizunft.ch\/index.php\/aktivitaeten\/besuch-hps\/","title":{"rendered":"Besuch der Heilp\u00e4dagogischen Schule (HPS) in Glis"},"content":{"rendered":"<div id=\"inhalt\">\n<p>Am Freitagnachmittag vor dem Drachenausbruch in Naters besucht die B\u00e4jizunft Glis-Gamsen-Brigerbad mit ihren Zunftmitgliedern, einer Delegation der Drachent\u00f6ter und des T\u00fcrkenbundes und den Guggenmusiken Caballeros aus Glis und Pampers aus Brig die HPS in Glis.<\/p>\n<p>Ein kleiner Umzug mit Guggenmusik, Komiteewagen mit B\u00e4jinool, Zunftmeister und Vorstand sowie Zunftmitgliedern und befreundete Z\u00fcnfte startet gegen 14.00 Uhr vor der B\u00e4jih\u00fctte und wird von den Kindern in der 300m entfernten HPS bereits voller Spannung erwartet.<\/p>\n<p>W\u00e4hrend auf dem Vorplatz der HPS Getr\u00e4nke und Fasnachtsbr\u00f6tchen ausgeben werden, erfreuen die Guggenmusiken die Kinder und alle G\u00e4ste mit z\u00fcnftigen Guggenmusikst\u00fccken. Mit fasn\u00e4chtlichen Guggenmusikkl\u00e4ngen und hie und da auch einem T\u00e4nzchen lassen wir den gem\u00fctlichen Nachmittag ausklingen.<\/p>\n<\/div>\n","protected":false},"excerpt":{"rendered":"<p>Am Freitagnachmittag vor dem Drachenausbruch in Naters besucht die B\u00e4jizunft Glis-Gamsen-Brigerbad mit ihren Zunftmitgliedern, einer Delegation der Drachent\u00f6ter und des T\u00fcrkenbundes und den Guggenmusiken Caballeros aus Glis und Pampers aus Brig die HPS in Glis. &hellip;<\/p>\n","protected":false},"author":1,"featured_media":0,"parent":96,"menu_order":1,"comment_status":"closed","ping_status":"closed","template":"","meta":{"_exactmetrics_skip_tracking":false,"_exactmetrics_sitenote_active":false,"_exactmetrics_sitenote_note":"","_exactmetrics_sitenote_category":0,"footnotes":""},"class_list":["post-99","page","type-page","status-publish","hentry"],"_links":{"self":[{"href":"https:\/\/www.baejizunft.ch\/index.php\/wp-json\/wp\/v2\/pages\/99","targetHints":{"allow":["GET"]}}],"collection":[{"href":"https:\/\/www.baejizunft.ch\/index.php\/wp-json\/wp\/v2\/pages"}],"about":[{"href":"https:\/\/www.baejizunft.ch\/index.php\/wp-json\/wp\/v2\/types\/page"}],"author":[{"embeddable":true,"href":"https:\/\/www.baejizunft.ch\/index.php\/wp-json\/wp\/v2\/users\/1"}],"replies":[{"embeddable":true,"href":"https:\/\/www.baejizunft.ch\/index.php\/wp-json\/wp\/v2\/comments?post=99"}],"version-history":[{"count":2,"href":"https:\/\/www.baejizunft.ch\/index.php\/wp-json\/wp\/v2\/pages\/99\/revisions"}],"predecessor-version":[{"id":1029,"href":"https:\/\/www.baejizunft.ch\/index.php\/wp-json\/wp\/v2\/pages\/99\/revisions\/1029"}],"up":[{"embeddable":true,"href":"https:\/\/www.baejizunft.ch\/index.php\/wp-json\/wp\/v2\/pages\/96"}],"wp:attachment":[{"href":"https:\/\/www.baejizunft.ch\/index.php\/wp-json\/wp\/v2\/media?parent=99"}],"curies":[{"name":"wp","href":"https:\/\/api.w.org\/{rel}","templated":true}]}}