{"id":54,"date":"2017-11-07T10:47:31","date_gmt":"2017-11-07T09:47:31","guid":{"rendered":"https:\/\/baeji.asr.li\/?page_id=54"},"modified":"2023-11-08T17:37:01","modified_gmt":"2023-11-08T16:37:01","slug":"propagandachef","status":"publish","type":"page","link":"https:\/\/www.baejizunft.ch\/index.php\/zunft\/komitee\/propagandachef\/","title":{"rendered":"Propagandachef"},"content":{"rendered":"<div id=\"inhalt\">\n<p style=\"text-align: left;\">Der Propagandachef ist verantwortlich f\u00fcr die Orientierung der Bev\u00f6lkerung \u00fcber die fasn\u00e4chtlichen Anl\u00e4sse. Er ist zudem zust\u00e4ndig f\u00fcr das Marketing \/ Sponsoring und f\u00fcr die Jurierung der verschiedenen Anl\u00e4sse.<\/p>\n<p><a href=\"mailto:propagandachef@baejizunft.ch\">E-Mail an Propagandachef senden<\/a><\/p>\n<\/div>\n","protected":false},"excerpt":{"rendered":"<p>Der Propagandachef ist verantwortlich f\u00fcr die Orientierung der Bev\u00f6lkerung \u00fcber die fasn\u00e4chtlichen Anl\u00e4sse. Er ist zudem zust\u00e4ndig f\u00fcr das Marketing \/ Sponsoring und f\u00fcr die Jurierung der verschiedenen Anl\u00e4sse. E-Mail an Propagandachef senden<\/p>\n","protected":false},"author":1,"featured_media":0,"parent":44,"menu_order":5,"comment_status":"closed","ping_status":"closed","template":"","meta":{"_exactmetrics_skip_tracking":false,"_exactmetrics_sitenote_active":false,"_exactmetrics_sitenote_note":"","_exactmetrics_sitenote_category":0,"footnotes":""},"class_list":["post-54","page","type-page","status-publish","hentry"],"_links":{"self":[{"href":"https:\/\/www.baejizunft.ch\/index.php\/wp-json\/wp\/v2\/pages\/54","targetHints":{"allow":["GET"]}}],"collection":[{"href":"https:\/\/www.baejizunft.ch\/index.php\/wp-json\/wp\/v2\/pages"}],"about":[{"href":"https:\/\/www.baejizunft.ch\/index.php\/wp-json\/wp\/v2\/types\/page"}],"author":[{"embeddable":true,"href":"https:\/\/www.baejizunft.ch\/index.php\/wp-json\/wp\/v2\/users\/1"}],"replies":[{"embeddable":true,"href":"https:\/\/www.baejizunft.ch\/index.php\/wp-json\/wp\/v2\/comments?post=54"}],"version-history":[{"count":7,"href":"https:\/\/www.baejizunft.ch\/index.php\/wp-json\/wp\/v2\/pages\/54\/revisions"}],"predecessor-version":[{"id":1945,"href":"https:\/\/www.baejizunft.ch\/index.php\/wp-json\/wp\/v2\/pages\/54\/revisions\/1945"}],"up":[{"embeddable":true,"href":"https:\/\/www.baejizunft.ch\/index.php\/wp-json\/wp\/v2\/pages\/44"}],"wp:attachment":[{"href":"https:\/\/www.baejizunft.ch\/index.php\/wp-json\/wp\/v2\/media?parent=54"}],"curies":[{"name":"wp","href":"https:\/\/api.w.org\/{rel}","templated":true}]}}