{"id":120,"date":"2017-11-07T11:25:56","date_gmt":"2017-11-07T10:25:56","guid":{"rendered":"https:\/\/baeji.asr.li\/?page_id=120"},"modified":"2026-02-16T18:45:21","modified_gmt":"2026-02-16T17:45:21","slug":"maskentreiben","status":"publish","type":"page","link":"https:\/\/www.baejizunft.ch\/index.php\/aktivitaeten\/maskentreiben\/","title":{"rendered":"Maskentreiben"},"content":{"rendered":"<div id=\"inhalt\">\n<p>Am Rosenmontag, wenn der T\u00fcrkenbund sein Kamel in die W\u00fcste geschickt und die Drachent\u00f6ter ihren Drachen bereits wieder verjagt haben, schl\u00e4gt die B\u00e4jizunft noch einmal t\u00fcchtig zu. Das Maskentreiben ist ein beliebter Anlass f\u00fcr alle Maschgini und auch jene, die gerne sch\u00f6ne Maschgini sehen.<\/p>\n<p>Die Maschgini m\u00fcssen sich zwischen 19.00 und 23.00 Uhr der Jury in den verschiedenen Gliser Restaurants pr\u00e4sentieren. Die Jury bewertet nach Aktualit\u00e4t, Aufmachung und Verhalten. Eine Anmeldung ist nicht n\u00f6tig, die Startnummern k\u00f6nnen ab 18.45 Uhr in den Restaurants M\u00fcller und Malteserkreuz bezogen werden. So steht auch einer spontanen Teilnahme nichts im Wege.<\/p>\n<p>Um Mitternacht findet auf dem Dorfplatz in Glis die Preisverteilung statt. Mit letzten fasn\u00e4chtlichen Kl\u00e4ngen der Guggenmusik Caballeros und einer langen Freinacht findet auch die Gliser Fasnacht ihr Ende.<\/p>\n<p>Nummernausgabe im Malteserkreuz und im Rest. M\u00fcller<\/p>\n<p>Jurierung in diesen Restaurants:<\/p>\n<ul>\n<li>M\u00fcller<\/li>\n<li>Riverside<\/li>\n<li>Romantica<\/li>\n<li>B\u00e4jipub<\/li>\n<li>Tanne<\/li>\n<li>Malteserkreuz<\/li>\n<li>Glishoru<\/li>\n<li>Fiirtopf<\/li>\n<li>Zunftstube<\/li>\n<\/ul>\n<\/div>\n","protected":false},"excerpt":{"rendered":"<p>Am Rosenmontag, wenn der T\u00fcrkenbund sein Kamel in die W\u00fcste geschickt und die Drachent\u00f6ter ihren Drachen bereits wieder verjagt haben, schl\u00e4gt die B\u00e4jizunft noch einmal t\u00fcchtig zu. Das Maskentreiben ist ein beliebter Anlass f\u00fcr alle &hellip;<\/p>\n","protected":false},"author":1,"featured_media":0,"parent":96,"menu_order":6,"comment_status":"closed","ping_status":"closed","template":"","meta":{"_exactmetrics_skip_tracking":false,"_exactmetrics_sitenote_active":false,"_exactmetrics_sitenote_note":"","_exactmetrics_sitenote_category":0,"footnotes":""},"class_list":["post-120","page","type-page","status-publish","hentry"],"_links":{"self":[{"href":"https:\/\/www.baejizunft.ch\/index.php\/wp-json\/wp\/v2\/pages\/120","targetHints":{"allow":["GET"]}}],"collection":[{"href":"https:\/\/www.baejizunft.ch\/index.php\/wp-json\/wp\/v2\/pages"}],"about":[{"href":"https:\/\/www.baejizunft.ch\/index.php\/wp-json\/wp\/v2\/types\/page"}],"author":[{"embeddable":true,"href":"https:\/\/www.baejizunft.ch\/index.php\/wp-json\/wp\/v2\/users\/1"}],"replies":[{"embeddable":true,"href":"https:\/\/www.baejizunft.ch\/index.php\/wp-json\/wp\/v2\/comments?post=120"}],"version-history":[{"count":15,"href":"https:\/\/www.baejizunft.ch\/index.php\/wp-json\/wp\/v2\/pages\/120\/revisions"}],"predecessor-version":[{"id":4066,"href":"https:\/\/www.baejizunft.ch\/index.php\/wp-json\/wp\/v2\/pages\/120\/revisions\/4066"}],"up":[{"embeddable":true,"href":"https:\/\/www.baejizunft.ch\/index.php\/wp-json\/wp\/v2\/pages\/96"}],"wp:attachment":[{"href":"https:\/\/www.baejizunft.ch\/index.php\/wp-json\/wp\/v2\/media?parent=120"}],"curies":[{"name":"wp","href":"https:\/\/api.w.org\/{rel}","templated":true}]}}