{"id":117,"date":"2017-11-07T11:24:50","date_gmt":"2017-11-07T10:24:50","guid":{"rendered":"https:\/\/baeji.asr.li\/?page_id=117"},"modified":"2025-12-15T10:06:14","modified_gmt":"2025-12-15T09:06:14","slug":"oberwalliser-umzug","status":"publish","type":"page","link":"https:\/\/www.baejizunft.ch\/index.php\/aktivitaeten\/oberwalliser-umzug\/","title":{"rendered":"Grosser Oberwalliser Fasnachtsumzug"},"content":{"rendered":"<div id=\"inhalt\">\n<p>Dank der guten Zusammenarbeit von T\u00fcrkenbund, Drachent\u00f6ter und B\u00e4jizunft findet bereits seit 1973 der Grosse Oberwalliser Fasnachtsumzug im Dreijahresrythmus in Brig, Glis oder Naters statt.<\/p>\n<p>Am Sonntag, 11. Februar 2024 findet der Grosser Oberwalliser Fasnachtsumzug in Brigstatt.<\/p>\n<p>Die Herausgabe der Oberwalliser Fasnachtsplakette obliegt jener Fasnachtsgesellschaft die f\u00fcr die Durchf\u00fchrung des Grossen Oberwalliser Fasnachtsumzugs verantwortlich ist. Die Fasnachtsplakette berechtigt zum freien Eintritt an den Grossen Oberwalliser Fasnachtsumzug.<\/p>\n<\/div>\n\n\n<p><a href=\"https:\/\/www.baejizunft.ch\/wp-content\/uploads\/2025\/12\/Anmeldeformular-Grosser-Umzug-2026.pdf\">Anmeldeformular<\/a><\/p>\n\n\n\n<p><\/p>\n","protected":false},"excerpt":{"rendered":"<p>Dank der guten Zusammenarbeit von T\u00fcrkenbund, Drachent\u00f6ter und B\u00e4jizunft findet bereits seit 1973 der Grosse Oberwalliser Fasnachtsumzug im Dreijahresrythmus in Brig, Glis oder Naters statt. Am Sonntag, 11. Februar 2024 findet der Grosser Oberwalliser Fasnachtsumzug &hellip;<\/p>\n","protected":false},"author":1,"featured_media":0,"parent":96,"menu_order":5,"comment_status":"closed","ping_status":"closed","template":"","meta":{"_exactmetrics_skip_tracking":false,"_exactmetrics_sitenote_active":false,"_exactmetrics_sitenote_note":"","_exactmetrics_sitenote_category":0,"footnotes":""},"class_list":["post-117","page","type-page","status-publish","hentry"],"_links":{"self":[{"href":"https:\/\/www.baejizunft.ch\/index.php\/wp-json\/wp\/v2\/pages\/117","targetHints":{"allow":["GET"]}}],"collection":[{"href":"https:\/\/www.baejizunft.ch\/index.php\/wp-json\/wp\/v2\/pages"}],"about":[{"href":"https:\/\/www.baejizunft.ch\/index.php\/wp-json\/wp\/v2\/types\/page"}],"author":[{"embeddable":true,"href":"https:\/\/www.baejizunft.ch\/index.php\/wp-json\/wp\/v2\/users\/1"}],"replies":[{"embeddable":true,"href":"https:\/\/www.baejizunft.ch\/index.php\/wp-json\/wp\/v2\/comments?post=117"}],"version-history":[{"count":13,"href":"https:\/\/www.baejizunft.ch\/index.php\/wp-json\/wp\/v2\/pages\/117\/revisions"}],"predecessor-version":[{"id":2837,"href":"https:\/\/www.baejizunft.ch\/index.php\/wp-json\/wp\/v2\/pages\/117\/revisions\/2837"}],"up":[{"embeddable":true,"href":"https:\/\/www.baejizunft.ch\/index.php\/wp-json\/wp\/v2\/pages\/96"}],"wp:attachment":[{"href":"https:\/\/www.baejizunft.ch\/index.php\/wp-json\/wp\/v2\/media?parent=117"}],"curies":[{"name":"wp","href":"https:\/\/api.w.org\/{rel}","templated":true}]}}