{"id":108,"date":"2017-11-07T11:18:26","date_gmt":"2017-11-07T10:18:26","guid":{"rendered":"https:\/\/baeji.asr.li\/?page_id=108"},"modified":"2025-12-15T10:05:32","modified_gmt":"2025-12-15T09:05:32","slug":"kinderumzug","status":"publish","type":"page","link":"https:\/\/www.baejizunft.ch\/index.php\/aktivitaeten\/kinderumzug\/","title":{"rendered":"Kinderumzug"},"content":{"rendered":"<div id=\"inhalt\">\n<p>Der von der B\u00e4jizunft und dem T\u00fcrkenbund gemeinsam organisierte Kinderumzug findet am &#8222;feiste Donnschtag&#8220; statt und f\u00fchrt von der Garage Gesell auf den Dorfplatz in Glis. Die drei Kategorien &#8222;kleine Gruppe&#8220;, &#8222;mittlere Gruppe&#8220; und &#8222;grosse Gruppe&#8220; werden von der Jury nach Aktualit\u00e4t, Aufmachung und Verhalten juriert.<\/p>\n<p>Der Kinderumzug beginnt um 14.00 Uhr, die Preisverteilung ist um circa 15:30 Uhr auf dem Dorfplatz Glis. Jedes Kinder erh\u00e4lt Startgeld und am Umzugsende Wienerli mit Brot und Tee.<\/p>\n<p>Der T\u00fcrkenbund und die B\u00e4jizunft freuen sich, m\u00f6glichst viele Kinder am Kinderumzug willkommen zu heissen.<\/p>\n<\/div>\n\n\n<p><a href=\"https:\/\/www.baejizunft.ch\/wp-content\/uploads\/2025\/12\/Anmeldeformular-Kinderumzug-2026.pdf\">Anmeldeformular<\/a><\/p>\n\n\n\n<p><\/p>\n","protected":false},"excerpt":{"rendered":"<p>Der von der B\u00e4jizunft und dem T\u00fcrkenbund gemeinsam organisierte Kinderumzug findet am &#8222;feiste Donnschtag&#8220; statt und f\u00fchrt von der Garage Gesell auf den Dorfplatz in Glis. Die drei Kategorien &#8222;kleine Gruppe&#8220;, &#8222;mittlere Gruppe&#8220; und &#8222;grosse &hellip;<\/p>\n","protected":false},"author":1,"featured_media":832,"parent":96,"menu_order":4,"comment_status":"closed","ping_status":"closed","template":"","meta":{"_exactmetrics_skip_tracking":false,"_exactmetrics_sitenote_active":false,"_exactmetrics_sitenote_note":"","_exactmetrics_sitenote_category":0,"footnotes":""},"class_list":["post-108","page","type-page","status-publish","has-post-thumbnail","hentry"],"_links":{"self":[{"href":"https:\/\/www.baejizunft.ch\/index.php\/wp-json\/wp\/v2\/pages\/108","targetHints":{"allow":["GET"]}}],"collection":[{"href":"https:\/\/www.baejizunft.ch\/index.php\/wp-json\/wp\/v2\/pages"}],"about":[{"href":"https:\/\/www.baejizunft.ch\/index.php\/wp-json\/wp\/v2\/types\/page"}],"author":[{"embeddable":true,"href":"https:\/\/www.baejizunft.ch\/index.php\/wp-json\/wp\/v2\/users\/1"}],"replies":[{"embeddable":true,"href":"https:\/\/www.baejizunft.ch\/index.php\/wp-json\/wp\/v2\/comments?post=108"}],"version-history":[{"count":19,"href":"https:\/\/www.baejizunft.ch\/index.php\/wp-json\/wp\/v2\/pages\/108\/revisions"}],"predecessor-version":[{"id":2836,"href":"https:\/\/www.baejizunft.ch\/index.php\/wp-json\/wp\/v2\/pages\/108\/revisions\/2836"}],"up":[{"embeddable":true,"href":"https:\/\/www.baejizunft.ch\/index.php\/wp-json\/wp\/v2\/pages\/96"}],"wp:featuredmedia":[{"embeddable":true,"href":"https:\/\/www.baejizunft.ch\/index.php\/wp-json\/wp\/v2\/media\/832"}],"wp:attachment":[{"href":"https:\/\/www.baejizunft.ch\/index.php\/wp-json\/wp\/v2\/media?parent=108"}],"curies":[{"name":"wp","href":"https:\/\/api.w.org\/{rel}","templated":true}]}}