{"id":105,"date":"2017-11-07T11:16:58","date_gmt":"2017-11-07T10:16:58","guid":{"rendered":"https:\/\/baeji.asr.li\/?page_id=105"},"modified":"2023-11-08T17:33:03","modified_gmt":"2023-11-08T16:33:03","slug":"chessletta","status":"publish","type":"page","link":"https:\/\/www.baejizunft.ch\/index.php\/aktivitaeten\/chessletta\/","title":{"rendered":"Chessletta"},"content":{"rendered":"<div id=\"inhalt\">\n<p>Am Mittwoch vor dem &#8222;feiste Donnschtag&#8220; wird in Glis die Fasnacht offiziell er\u00f6ffnet. Die Vertretung der Stadtgemeinde Brig-Glis, der Vorstand und Mitglieder der B\u00e4jizunft, die befreundeten Z\u00fcnfte, Guggenmusiken und die &#8222;gr\u00fcnen B\u00e4jini&#8220; ziehen um 19.30 Uhr vom Rest. Gliserallee auf den Gliser Dorfplatz. Die &#8222;gr\u00fcnen B\u00e4jini&#8220; sind unter einem weissen Tuch versteckt und werden von ihrem Getti oder ihrer Gotta gef\u00fchrt.<\/p>\n<p>Umrahmt von musikalischen Kl\u00e4ngen der Guggenmusiken findet die offizielle Amts\u00fcbergabe von der Brig-Gliser Stadtgemeinde an die B\u00e4jizunft statt. Bis zum Aschermittwoch regiert nun die B\u00e4jizunft \u00fcber Glis. Nach den Ansprachen vom Grossvezier und vom F\u00fcrstgraf Jozzelin werden die &#8222;gr\u00fcnen B\u00e4jini&#8220; vom Zunftweibel vorgestellt. Jetzt erhalten sie ihre gr\u00fcne B\u00e4jizipfelm\u00fctze und m\u00fcssen von nun an bis zur GV im Herbst ihren guten Willen und Einsatz f\u00fcr die Gligga und die Zunft unter Beweis stellen.<\/p>\n<p>Nach dem Feuerwerk spielen die verschiedenen Guggenmusiken auf der B\u00fchne.<\/p>\n<\/div>\n\n\n<p><\/p>\n","protected":false},"excerpt":{"rendered":"<p>Am Mittwoch vor dem &#8222;feiste Donnschtag&#8220; wird in Glis die Fasnacht offiziell er\u00f6ffnet. Die Vertretung der Stadtgemeinde Brig-Glis, der Vorstand und Mitglieder der B\u00e4jizunft, die befreundeten Z\u00fcnfte, Guggenmusiken und die &#8222;gr\u00fcnen B\u00e4jini&#8220; ziehen um 19.30 &hellip;<\/p>\n","protected":false},"author":1,"featured_media":0,"parent":96,"menu_order":3,"comment_status":"closed","ping_status":"closed","template":"","meta":{"_exactmetrics_skip_tracking":false,"_exactmetrics_sitenote_active":false,"_exactmetrics_sitenote_note":"","_exactmetrics_sitenote_category":0,"footnotes":""},"class_list":["post-105","page","type-page","status-publish","hentry"],"_links":{"self":[{"href":"https:\/\/www.baejizunft.ch\/index.php\/wp-json\/wp\/v2\/pages\/105","targetHints":{"allow":["GET"]}}],"collection":[{"href":"https:\/\/www.baejizunft.ch\/index.php\/wp-json\/wp\/v2\/pages"}],"about":[{"href":"https:\/\/www.baejizunft.ch\/index.php\/wp-json\/wp\/v2\/types\/page"}],"author":[{"embeddable":true,"href":"https:\/\/www.baejizunft.ch\/index.php\/wp-json\/wp\/v2\/users\/1"}],"replies":[{"embeddable":true,"href":"https:\/\/www.baejizunft.ch\/index.php\/wp-json\/wp\/v2\/comments?post=105"}],"version-history":[{"count":5,"href":"https:\/\/www.baejizunft.ch\/index.php\/wp-json\/wp\/v2\/pages\/105\/revisions"}],"predecessor-version":[{"id":1939,"href":"https:\/\/www.baejizunft.ch\/index.php\/wp-json\/wp\/v2\/pages\/105\/revisions\/1939"}],"up":[{"embeddable":true,"href":"https:\/\/www.baejizunft.ch\/index.php\/wp-json\/wp\/v2\/pages\/96"}],"wp:attachment":[{"href":"https:\/\/www.baejizunft.ch\/index.php\/wp-json\/wp\/v2\/media?parent=105"}],"curies":[{"name":"wp","href":"https:\/\/api.w.org\/{rel}","templated":true}]}}